{"id":13,"date":"2024-08-02T15:47:12","date_gmt":"2024-08-02T15:47:12","guid":{"rendered":"https:\/\/permeation.mrs-seitter-gmbh.com\/?page_id=13"},"modified":"2024-09-16T09:30:59","modified_gmt":"2024-09-16T09:30:59","slug":"impressum","status":"publish","type":"page","link":"https:\/\/mrs-seitter-gmbh.com\/en\/impressum","title":{"rendered":"Impressum"},"content":{"rendered":"<div data-elementor-type=\"wp-page\" data-elementor-id=\"13\" class=\"elementor elementor-13\">\n\t\t\t\t\t\t<section class=\"elementor-section elementor-top-section elementor-element elementor-element-60696b40 elementor-section-boxed elementor-section-height-default elementor-section-height-default\" data-id=\"60696b40\" data-element_type=\"section\">\n\t\t\t\t\t\t<div class=\"elementor-container elementor-column-gap-default\">\n\t\t\t\t\t<div class=\"elementor-column elementor-col-100 elementor-top-column elementor-element elementor-element-65b13cf3\" data-id=\"65b13cf3\" data-element_type=\"column\">\n\t\t\t<div class=\"elementor-widget-wrap elementor-element-populated\">\n\t\t\t\t\t\t<div class=\"elementor-element elementor-element-271b2f56 elementor-widget elementor-widget-text-editor\" data-id=\"271b2f56\" data-element_type=\"widget\" data-widget_type=\"text-editor.default\">\n\t\t\t\t<div class=\"elementor-widget-container\">\n\t\t\t<style>\/*! elementor - v3.23.0 - 25-07-2024 *\/\n.elementor-widget-text-editor.elementor-drop-cap-view-stacked .elementor-drop-cap{background-color:#69727d;color:#fff}.elementor-widget-text-editor.elementor-drop-cap-view-framed .elementor-drop-cap{color:#69727d;border:3px solid;background-color:transparent}.elementor-widget-text-editor:not(.elementor-drop-cap-view-default) .elementor-drop-cap{margin-top:8px}.elementor-widget-text-editor:not(.elementor-drop-cap-view-default) .elementor-drop-cap-letter{width:1em;height:1em}.elementor-widget-text-editor .elementor-drop-cap{float:left;text-align:center;line-height:1;font-size:50px}.elementor-widget-text-editor .elementor-drop-cap-letter{display:inline-block}<\/style>\t\t\t\t<h1>Impressum<\/h1><h2>\u00a0<\/h2><h2>Verantwortlich f\u00fcr den Inhalt<\/h2><p>MRS SEITTER GMBH<br \/>Kanalstr.3<br \/>D-73252 Lenningen-Brucken<br \/><br \/>Tel +49 (0) 70 26 \/ 601 50 95<br \/>Fax +49 (0) 70 26 \/ 601 50 96<br \/>info@mrs-seitter-gmbh.com<br \/>www.mrs-seitter-gmbh.com<\/p><p>Registergericht: Amtsgericht Stuttgart<br \/>Registernummer: HRB 231051<br \/>Gesch\u00e4ftsf\u00fchrer: Ralf Seitter<br \/>Inhaltlich Verantwortlicher gem\u00e4\u00df<br \/>\u00a7 10 Absatz 3 MDStV: Ralf Seitter (Anschrift wie oben)<\/p><h2><br \/>Vervielf\u00e4ltigung<\/h2><p>Jegliche Vervielf\u00e4ltigung der auf diesen Seiten zur Verf\u00fcgung gestellten Texten, Bildern und Grafiken bedarf der ausdr\u00fccklichen Erlaubnis des Autors in Schriftform. Das Urheberrecht des Autors bleibt unber\u00fchrt. Das Nutzungsrecht liegt bei dem Herausgeber und darf ohne schriftliche Genehmigung nicht an Dritte weitergegeben werden. Alle Texte ohne Autorenangabe unterliegen dem Urheberrecht des Herausgebers. Ebenfalls untersagt ist jegliche Vervielf\u00e4ltigung auf andere elektronische und nicht-elektronische Medien<\/p><h2>Haftungsausschluss<\/h2><p>Die Benutzung dieser Seite erfolgt auf eigene Gefahr. Wir \u00fcbernehmen keine Haftung f\u00fcr Sch\u00e4den die aufgrund der Anwendung der in diesem Angebot genannten Informationen entstehen, wenn keine grobe Fahrl\u00e4ssigkeit von unserer Seite vorliegt.<\/p><h2>Externe Links<\/h2><p>Trotz sorgf\u00e4ltiger inhaltlicher Kontrolle \u00fcbernehmen wir keine Haftung f\u00fcr die Inhalte externer Links. F\u00fcr den Inhalt der verlinkten Seiten sind ausschlie\u00dflich deren Betreiber verantwortlich.<\/p><h2>Copyright<\/h2><p>Markennamen werden frei ohne gesonderte Kennzeichnung verwendet. Diese Namen sind Eigentum der jeweiligen Besitzer.<\/p><p>Autor und Herausgeber ist die MRS SEITTER GMBH.<br \/>Alle Rechte vorbehalten. F\u00fcr R\u00fcckfragen stehen wir Ihnen gerne zur Verf\u00fcgung.<\/p>\t\t\t\t\t\t<\/div>\n\t\t\t\t<\/div>\n\t\t\t\t\t<\/div>\n\t\t<\/div>\n\t\t\t\t\t<\/div>\n\t\t<\/section>\n\t\t\t\t<\/div>","protected":false},"excerpt":{"rendered":"<p>Impressum \u00a0 Verantwortlich f\u00fcr den Inhalt MRS SEITTER GMBHKanalstr.3D-73252 Lenningen-Brucken Tel +49 (0) 70 26 \/ 601 50 95Fax +49 (0) 70 26 \/ 601 50 96info@mrs-seitter-gmbh.comwww.mrs-seitter-gmbh.com Registergericht: Amtsgericht StuttgartRegisternummer: HRB 231051Gesch\u00e4ftsf\u00fchrer: Ralf SeitterInhaltlich Verantwortlicher gem\u00e4\u00df\u00a7 10 Absatz 3 MDStV: Ralf Seitter (Anschrift wie oben) Vervielf\u00e4ltigung Jegliche Vervielf\u00e4ltigung der auf diesen Seiten zur Verf\u00fcgung gestellten [&hellip;]<\/p>","protected":false},"author":1,"featured_media":0,"parent":0,"menu_order":0,"comment_status":"closed","ping_status":"closed","template":"","meta":{"ocean_post_layout":"","ocean_both_sidebars_style":"","ocean_both_sidebars_content_width":0,"ocean_both_sidebars_sidebars_width":0,"ocean_sidebar":"","ocean_second_sidebar":"","ocean_disable_margins":"enable","ocean_add_body_class":"","ocean_shortcode_before_top_bar":"","ocean_shortcode_after_top_bar":"","ocean_shortcode_before_header":"","ocean_shortcode_after_header":"","ocean_has_shortcode":"","ocean_shortcode_after_title":"","ocean_shortcode_before_footer_widgets":"","ocean_shortcode_after_footer_widgets":"","ocean_shortcode_before_footer_bottom":"","ocean_shortcode_after_footer_bottom":"","ocean_display_top_bar":"default","ocean_display_header":"default","ocean_header_style":"","ocean_center_header_left_menu":"","ocean_custom_header_template":"","ocean_custom_logo":0,"ocean_custom_retina_logo":0,"ocean_custom_logo_max_width":0,"ocean_custom_logo_tablet_max_width":0,"ocean_custom_logo_mobile_max_width":0,"ocean_custom_logo_max_height":0,"ocean_custom_logo_tablet_max_height":0,"ocean_custom_logo_mobile_max_height":0,"ocean_header_custom_menu":"","ocean_menu_typo_font_family":"","ocean_menu_typo_font_subset":"","ocean_menu_typo_font_size":0,"ocean_menu_typo_font_size_tablet":0,"ocean_menu_typo_font_size_mobile":0,"ocean_menu_typo_font_size_unit":"px","ocean_menu_typo_font_weight":"","ocean_menu_typo_font_weight_tablet":"","ocean_menu_typo_font_weight_mobile":"","ocean_menu_typo_transform":"","ocean_menu_typo_transform_tablet":"","ocean_menu_typo_transform_mobile":"","ocean_menu_typo_line_height":0,"ocean_menu_typo_line_height_tablet":0,"ocean_menu_typo_line_height_mobile":0,"ocean_menu_typo_line_height_unit":"","ocean_menu_typo_spacing":0,"ocean_menu_typo_spacing_tablet":0,"ocean_menu_typo_spacing_mobile":0,"ocean_menu_typo_spacing_unit":"","ocean_menu_link_color":"","ocean_menu_link_color_hover":"","ocean_menu_link_color_active":"","ocean_menu_link_background":"","ocean_menu_link_hover_background":"","ocean_menu_link_active_background":"","ocean_menu_social_links_bg":"","ocean_menu_social_hover_links_bg":"","ocean_menu_social_links_color":"","ocean_menu_social_hover_links_color":"","ocean_disable_title":"default","ocean_disable_heading":"default","ocean_post_title":"","ocean_post_subheading":"","ocean_post_title_style":"","ocean_post_title_background_color":"","ocean_post_title_background":0,"ocean_post_title_bg_image_position":"","ocean_post_title_bg_image_attachment":"","ocean_post_title_bg_image_repeat":"","ocean_post_title_bg_image_size":"","ocean_post_title_height":0,"ocean_post_title_bg_overlay":0.5,"ocean_post_title_bg_overlay_color":"","ocean_disable_breadcrumbs":"default","ocean_breadcrumbs_color":"","ocean_breadcrumbs_separator_color":"","ocean_breadcrumbs_links_color":"","ocean_breadcrumbs_links_hover_color":"","ocean_display_footer_widgets":"default","ocean_display_footer_bottom":"default","ocean_custom_footer_template":"","footnotes":""},"class_list":["post-13","page","type-page","status-publish","hentry","entry"],"_links":{"self":[{"href":"https:\/\/mrs-seitter-gmbh.com\/en\/wp-json\/wp\/v2\/pages\/13","targetHints":{"allow":["GET"]}}],"collection":[{"href":"https:\/\/mrs-seitter-gmbh.com\/en\/wp-json\/wp\/v2\/pages"}],"about":[{"href":"https:\/\/mrs-seitter-gmbh.com\/en\/wp-json\/wp\/v2\/types\/page"}],"author":[{"embeddable":true,"href":"https:\/\/mrs-seitter-gmbh.com\/en\/wp-json\/wp\/v2\/users\/1"}],"replies":[{"embeddable":true,"href":"https:\/\/mrs-seitter-gmbh.com\/en\/wp-json\/wp\/v2\/comments?post=13"}],"version-history":[{"count":5,"href":"https:\/\/mrs-seitter-gmbh.com\/en\/wp-json\/wp\/v2\/pages\/13\/revisions"}],"predecessor-version":[{"id":951,"href":"https:\/\/mrs-seitter-gmbh.com\/en\/wp-json\/wp\/v2\/pages\/13\/revisions\/951"}],"wp:attachment":[{"href":"https:\/\/mrs-seitter-gmbh.com\/en\/wp-json\/wp\/v2\/media?parent=13"}],"curies":[{"name":"wp","href":"https:\/\/api.w.org\/{rel}","templated":true}]}}