{"id":11,"date":"2024-08-02T15:47:00","date_gmt":"2024-08-02T15:47:00","guid":{"rendered":"https:\/\/permeation.mrs-seitter-gmbh.com\/?page_id=11"},"modified":"2024-09-16T09:13:40","modified_gmt":"2024-09-16T09:13:40","slug":"datenschutz","status":"publish","type":"page","link":"https:\/\/mrs-seitter-gmbh.com\/en\/datenschutz","title":{"rendered":"Datenschutz"},"content":{"rendered":"<div data-elementor-type=\"wp-page\" data-elementor-id=\"11\" class=\"elementor elementor-11\">\n\t\t\t\t\t\t<section class=\"elementor-section elementor-top-section elementor-element elementor-element-4204fd0 elementor-section-boxed elementor-section-height-default elementor-section-height-default\" data-id=\"4204fd0\" data-element_type=\"section\">\n\t\t\t\t\t\t<div class=\"elementor-container elementor-column-gap-default\">\n\t\t\t\t\t<div class=\"elementor-column elementor-col-100 elementor-top-column elementor-element elementor-element-3804a6b\" data-id=\"3804a6b\" data-element_type=\"column\">\n\t\t\t<div class=\"elementor-widget-wrap elementor-element-populated\">\n\t\t\t\t\t\t<section class=\"elementor-section elementor-inner-section elementor-element elementor-element-e40aa01 elementor-section-boxed elementor-section-height-default elementor-section-height-default\" data-id=\"e40aa01\" data-element_type=\"section\">\n\t\t\t\t\t\t<div class=\"elementor-container elementor-column-gap-default\">\n\t\t\t\t\t<div class=\"elementor-column elementor-col-100 elementor-inner-column elementor-element elementor-element-4604b31\" data-id=\"4604b31\" data-element_type=\"column\">\n\t\t\t<div class=\"elementor-widget-wrap elementor-element-populated\">\n\t\t\t\t\t\t<div class=\"elementor-element elementor-element-b905b84 elementor-widget elementor-widget-text-editor\" data-id=\"b905b84\" data-element_type=\"widget\" data-widget_type=\"text-editor.default\">\n\t\t\t\t<div class=\"elementor-widget-container\">\n\t\t\t<style>\/*! elementor - v3.23.0 - 25-07-2024 *\/\n.elementor-widget-text-editor.elementor-drop-cap-view-stacked .elementor-drop-cap{background-color:#69727d;color:#fff}.elementor-widget-text-editor.elementor-drop-cap-view-framed .elementor-drop-cap{color:#69727d;border:3px solid;background-color:transparent}.elementor-widget-text-editor:not(.elementor-drop-cap-view-default) .elementor-drop-cap{margin-top:8px}.elementor-widget-text-editor:not(.elementor-drop-cap-view-default) .elementor-drop-cap-letter{width:1em;height:1em}.elementor-widget-text-editor .elementor-drop-cap{float:left;text-align:center;line-height:1;font-size:50px}.elementor-widget-text-editor .elementor-drop-cap-letter{display:inline-block}<\/style>\t\t\t\t<h1>Datenschutz<\/h1><p>Die Erhebung, Verarbeitung, Nutzung und \u00dcbermittlung der erhobenen personenbezogenen Daten erfolgt, nach Art 6. Absatz 1 EU-DSGVO, nur in dem Umfang, der f\u00fcr die Durchf\u00fchrung eines Vertragsverh\u00e4ltnisses zwischen der MRS Seitter GmbH, als verantwortliche Stelle, und dem User, als Betroffenem, erforderlich ist.<\/p><h2>Zweck\u00e4nderungen der Verarbeitung und Datennutzung<\/h2><p>Da sich auf Grund des technischen Fortschritts und organisatorischer \u00c4nderungen der eingesetzten Verarbeitungsverfahren \u00e4ndern\/weiterentwickeln k\u00f6nnen behalten wir uns vor, die vorliegende Datenschutzerkl\u00e4rung gem\u00e4\u00df den neuen technischen Rahmenbedingungen weiterzuentwickeln. Wir bitten Sie deshalb die Datenschutzerkl\u00e4rung der Website www.mrs-seitter-gmbh.com und www.mrs-seitter-gmbh.de von Zeit zu Zeit zu \u00fcberpr\u00fcfen. Sollten Sie mit den im Verlaufe der Zeit auftretenden Weiterentwicklungen nicht einverstanden sein, so k\u00f6nnen Sie schriftlich, gem\u00e4\u00df Art 17 EU-DSGVO, eine L\u00f6schung der Daten, die nicht auf Grundlage anderer gesetzlicher Vorgaben, wie handelsrechtlicher oder steuerrechtlicher Aufbewahrungspflichten, gespeichert werden, verlangen.<\/p><h2>Anonyme Datenerhebung<\/h2><p>Sie k\u00f6nnen die Webseite der MRS Seitter GmbH grunds\u00e4tzlich besuchen, ohne uns mitzuteilen, wer Sie sind. Wir erfahren nur den Namen Ihres Internet Service Providers, die Webseite, von der aus Sie uns besuchen, und die Webseiten, die Sie bei uns besuchen. Diese Informationen werden zu statistischen Zwecken ausgewertet. Sie bleiben als einzelner Nutzer hierbei anonym.<\/p><h2>Erhebung und Verarbeitung personenbezogener Daten<\/h2><p>Personenbezogene Daten werden nur erhoben, wenn Sie uns diese von sich aus, zum Beispiel \u00fcber unser Kontakfomular mitteilen. Die verantwortliche Stelle h\u00e4lt sich dabei an die Vorgaben der Art 5 und 6 EU-DSGVO. Im Rahmen der personalisierten Dienste der verantwortlichen Stelle werden Ihre Registrierungsdaten unter der Voraussetzung Ihrer Einwilligung zum Zwecke der Zusendung von Informationen, bzw. zur bedarfsgerechten Gestaltung der angebotenen elektronischen Dienste verarbeitet. Sie haben jederzeit die M\u00f6glichkeit, der Speicherung ihrer personenbezogenen Daten zu widersprechen. Bitte senden Sie dazu eine E-Mail an info@mrs-seitter-gmbh.com mit dem Betreff \u201eDatenbest\u00e4nde austragen\u201c. Die Verarbeitung und Nutzung Ihrer personenbezogenen Daten erfolgt nach den Vorgaben der EU-DSGVO.<\/p><h2>Export und Verarbeitung der Daten in Staaten ausserhalb des europ\u00e4ischen Wirtschaftsraumes<\/h2><p>Es findet kein Export ihrer personenbezogenen Daten in Staaten au\u00dferhalb des Europ\u00e4ischen Wirtschaftsraumes (Im Folgenden EWR) statt. Die von der verantwortlichen Stelle eingeschalteten Dienstleister haben ihren Sitz und betreiben ihre IT-Infrastruktur ausschlie\u00dflich innerhalb des EWR. Dies gilt auch f\u00fcr eine eventuelle Nutzung von Cloud-basierenden Diensten. Mit den Dienstleistern bestehen Vertr\u00e4ge die den Datenschutz- und Datensicherheits-Vorgaben der EU-DSGVO entsprechen. Auch im Falle der Einschaltung von externen Dienstleistern bleibt die Betreiberfirma MRS seitter GmbH, die f\u00fcr die Verarbeitung verantwortliche Stelle.<\/p><h2>Nutzung und Weitergabe personenbezogener Daten<\/h2><p>Die im Rahmen der Webseiten der verantwortlichen Stelle erhobenen personenbezogenen Daten werden ohne Ihre Einwilligung nur zur Vertragsabwicklung und Bearbeitung Ihrer Anfragen genutzt. Dar\u00fcber hinaus erfolgt eine Nutzung Ihrer Daten f\u00fcr Zwecke der Werbung und Marktforschung der verantwortlichen Stelle nur, wenn Sie hierzu zuvor Ihre Einwilligung erteilt haben. Im \u00dcbrigen findet keine Weitergabe an sonstige Dritte statt. Ihre jeweilige Einwilligung k\u00f6nnen Sie selbstverst\u00e4ndlich jederzeit mit Wirkung f\u00fcr die Zukunft widerrufen.<\/p><h2>Externe Links<\/h2><p>Zu Ihrer Information finden Sie auf unseren Seiten Links, die auf Seiten Dritter verweisen. Soweit dies nicht offensichtlich erkennbar ist, weisen wir Sie darauf hin, dass es sich um einen externen Link handelt. Die verantwortliche Stelle hat keinerlei Einfluss auf den Inhalt und die Gestaltung dieser Seiten anderer Anbieter. Die Garantien dieser Datenschutzerkl\u00e4rung gelten daher f\u00fcr externe Anbieter nicht.<\/p><h2>Einsatz von Cookies<\/h2><p>Diese Webseite verwendet keine Cookies.<\/p><h2>Verwendung von Analyseprogrammen<\/h2><p>Diese Webseite verwendet keine Analysesoftware. Bitte beachten Sie dazu die Datenschutzerkl\u00e4rung unseres Hosters 1und1.de.<\/p><h2>Weitere Informationen und Kontakte<\/h2><p>Wenn Sie weitere Fragen zum Thema \u201cDatenschutz bei der verantwortlichen Stelle\u201d haben, wenden Sie sich uns. Sie k\u00f6nnen erfragen, welche Ihrer Daten bei uns gespeichert sind. Dar\u00fcber hinaus k\u00f6nnen Sie Ausk\u00fcnfte, L\u00f6schungs- und Berichtigungsw\u00fcnsche zu Ihren Daten und gerne auch Anregungen jederzeit per Brief oder E-Mail an folgende Adresse senden:<\/p><p>MRS SEITTER GMBH<br \/>Gesch\u00e4ftsf\u00fchrer: Ralf Seitter<br \/>info@mrs-seitter-gmbh.com<br \/>Amtsgericht Stuttgart HRB 231051<br \/>Kanalstr. 3<br \/>D-73252 Lenningen-Brucken<br \/>Tel +49 (0) 70 26 \/ 601 50 95<br \/>Fax +49 (0) 70 26 \/ 601 50 96<\/p><p><strong>www.mrs-seitter-gmbh.com<\/strong><\/p>\t\t\t\t\t\t<\/div>\n\t\t\t\t<\/div>\n\t\t\t\t\t<\/div>\n\t\t<\/div>\n\t\t\t\t\t<\/div>\n\t\t<\/section>\n\t\t\t\t\t<\/div>\n\t\t<\/div>\n\t\t\t\t\t<\/div>\n\t\t<\/section>\n\t\t\t\t<\/div>","protected":false},"excerpt":{"rendered":"<p>Datenschutz Die Erhebung, Verarbeitung, Nutzung und \u00dcbermittlung der erhobenen personenbezogenen Daten erfolgt, nach Art 6. Absatz 1 EU-DSGVO, nur in dem Umfang, der f\u00fcr die Durchf\u00fchrung eines Vertragsverh\u00e4ltnisses zwischen der MRS Seitter GmbH, als verantwortliche Stelle, und dem User, als Betroffenem, erforderlich ist. Zweck\u00e4nderungen der Verarbeitung und Datennutzung Da sich auf Grund des technischen Fortschritts [&hellip;]<\/p>","protected":false},"author":1,"featured_media":0,"parent":0,"menu_order":0,"comment_status":"closed","ping_status":"closed","template":"","meta":{"ocean_post_layout":"full-screen","ocean_both_sidebars_style":"","ocean_both_sidebars_content_width":0,"ocean_both_sidebars_sidebars_width":0,"ocean_sidebar":"","ocean_second_sidebar":"","ocean_disable_margins":"enable","ocean_add_body_class":"","ocean_shortcode_before_top_bar":"","ocean_shortcode_after_top_bar":"","ocean_shortcode_before_header":"","ocean_shortcode_after_header":"","ocean_has_shortcode":"","ocean_shortcode_after_title":"","ocean_shortcode_before_footer_widgets":"","ocean_shortcode_after_footer_widgets":"","ocean_shortcode_before_footer_bottom":"","ocean_shortcode_after_footer_bottom":"","ocean_display_top_bar":"default","ocean_display_header":"default","ocean_header_style":"","ocean_center_header_left_menu":"","ocean_custom_header_template":"","ocean_custom_logo":0,"ocean_custom_retina_logo":0,"ocean_custom_logo_max_width":0,"ocean_custom_logo_tablet_max_width":0,"ocean_custom_logo_mobile_max_width":0,"ocean_custom_logo_max_height":0,"ocean_custom_logo_tablet_max_height":0,"ocean_custom_logo_mobile_max_height":0,"ocean_header_custom_menu":"","ocean_menu_typo_font_family":"","ocean_menu_typo_font_subset":"","ocean_menu_typo_font_size":0,"ocean_menu_typo_font_size_tablet":0,"ocean_menu_typo_font_size_mobile":0,"ocean_menu_typo_font_size_unit":"px","ocean_menu_typo_font_weight":"","ocean_menu_typo_font_weight_tablet":"","ocean_menu_typo_font_weight_mobile":"","ocean_menu_typo_transform":"","ocean_menu_typo_transform_tablet":"","ocean_menu_typo_transform_mobile":"","ocean_menu_typo_line_height":0,"ocean_menu_typo_line_height_tablet":0,"ocean_menu_typo_line_height_mobile":0,"ocean_menu_typo_line_height_unit":"","ocean_menu_typo_spacing":0,"ocean_menu_typo_spacing_tablet":0,"ocean_menu_typo_spacing_mobile":0,"ocean_menu_typo_spacing_unit":"","ocean_menu_link_color":"","ocean_menu_link_color_hover":"","ocean_menu_link_color_active":"","ocean_menu_link_background":"","ocean_menu_link_hover_background":"","ocean_menu_link_active_background":"","ocean_menu_social_links_bg":"","ocean_menu_social_hover_links_bg":"","ocean_menu_social_links_color":"","ocean_menu_social_hover_links_color":"","ocean_disable_title":"on","ocean_disable_heading":"default","ocean_post_title":"","ocean_post_subheading":"","ocean_post_title_style":"","ocean_post_title_background_color":"","ocean_post_title_background":0,"ocean_post_title_bg_image_position":"","ocean_post_title_bg_image_attachment":"","ocean_post_title_bg_image_repeat":"","ocean_post_title_bg_image_size":"","ocean_post_title_height":0,"ocean_post_title_bg_overlay":0.5,"ocean_post_title_bg_overlay_color":"","ocean_disable_breadcrumbs":"off","ocean_breadcrumbs_color":"","ocean_breadcrumbs_separator_color":"","ocean_breadcrumbs_links_color":"","ocean_breadcrumbs_links_hover_color":"","ocean_display_footer_widgets":"default","ocean_display_footer_bottom":"default","ocean_custom_footer_template":"","footnotes":""},"class_list":["post-11","page","type-page","status-publish","hentry","entry"],"_links":{"self":[{"href":"https:\/\/mrs-seitter-gmbh.com\/en\/wp-json\/wp\/v2\/pages\/11","targetHints":{"allow":["GET"]}}],"collection":[{"href":"https:\/\/mrs-seitter-gmbh.com\/en\/wp-json\/wp\/v2\/pages"}],"about":[{"href":"https:\/\/mrs-seitter-gmbh.com\/en\/wp-json\/wp\/v2\/types\/page"}],"author":[{"embeddable":true,"href":"https:\/\/mrs-seitter-gmbh.com\/en\/wp-json\/wp\/v2\/users\/1"}],"replies":[{"embeddable":true,"href":"https:\/\/mrs-seitter-gmbh.com\/en\/wp-json\/wp\/v2\/comments?post=11"}],"version-history":[{"count":66,"href":"https:\/\/mrs-seitter-gmbh.com\/en\/wp-json\/wp\/v2\/pages\/11\/revisions"}],"predecessor-version":[{"id":919,"href":"https:\/\/mrs-seitter-gmbh.com\/en\/wp-json\/wp\/v2\/pages\/11\/revisions\/919"}],"wp:attachment":[{"href":"https:\/\/mrs-seitter-gmbh.com\/en\/wp-json\/wp\/v2\/media?parent=11"}],"curies":[{"name":"wp","href":"https:\/\/api.w.org\/{rel}","templated":true}]}}